{"id":2254,"date":"2024-11-29T16:34:46","date_gmt":"2024-11-29T15:34:46","guid":{"rendered":"https:\/\/derniere-lune.com\/?post_type=product&#038;p=2254"},"modified":"2024-12-05T23:25:00","modified_gmt":"2024-12-05T22:25:00","slug":"les-carnets-en-cuir","status":"publish","type":"product","link":"https:\/\/derniere-lune.com\/en\/boutique\/les-carnets-en-cuir\/","title":{"rendered":"Les carnets en cuir"},"content":{"rendered":"<p class=\"p1\"><strong>\u201c Dans chaque royaume, les guerriers comme les \u00e9rudits savent qu&rsquo;une plume et un velin sont les seules armes n\u00e9cessaires pour gagner l\u2019immortalit\u00e9 \u201d<\/strong><\/p>\n<p>&nbsp;<\/p>\n<p class=\"p1\">L\u00e9gers, robustes et con\u00e7us pour survivre aux \u00e9preuves du temps, ces carnets en cuir v\u00e9ritable deviendront les fid\u00e8les compagnons de vos p\u00e9r\u00e9grinations. Tels des grimoires, ils conserveront vos secrets, vos esquisses, et vos l\u00e9gendes. Ils sont pr\u00eats \u00e0 braver le temps et les \u00e9l\u00e9ments pour capturer votre r\u00e9cit.<\/p>\n<p class=\"p1\">Qu\u2019il s\u2019agisse de coucher vos pens\u00e9es dans l\u2019intimit\u00e9 de votre sanctuaire ou de relater vos exploits depuis les confins du monde connu, ces carnets sont votre cl\u00e9 vers l\u2019immortalit\u00e9.<\/p>\n<p>&nbsp;<\/p>\n<hr \/>\n<p>&nbsp;<\/p>\n<p><em>Grav\u00e9 au fer du logo Derni\u00e8re lune, les carnets d&rsquo;aventurier en cuir v\u00e9ritable customis\u00e9s par nos soins sont orn\u00e9s d&rsquo;une boucle en m\u00e9tal.<br \/>\nExiste en 3 finitions : Golas, Arazy ou Narok<br \/>\nLe cuir se patinera avec le temps donnant de plus en plus d&rsquo;allure aux carnets !<\/em><\/p>","protected":false},"excerpt":{"rendered":"<p>Ces carnets refl\u00e8tent le savoir-faire des artisans de l\u2019Unification. Bien que leur forme soit identique, des cuirs distincts sont propos\u00e9s, chacun fa\u00e7onn\u00e9 selon les sp\u00e9cificit\u00e9s de sa ville d\u2019origine, offrant ainsi un caract\u00e8re unique \u00e0 chaque variante.<\/p>","protected":false},"featured_media":2219,"template":"","meta":{"site-sidebar-layout":"default","site-content-layout":"","ast-site-content-layout":"default","site-content-style":"default","site-sidebar-style":"default","ast-global-header-display":"","ast-banner-title-visibility":"","ast-main-header-display":"","ast-hfb-above-header-display":"","ast-hfb-below-header-display":"","ast-hfb-mobile-header-display":"","site-post-title":"","ast-breadcrumbs-content":"","ast-featured-img":"","footer-sml-layout":"","ast-disable-related-posts":"","theme-transparent-header-meta":"default","adv-header-id-meta":"","stick-header-meta":"","header-above-stick-meta":"","header-main-stick-meta":"","header-below-stick-meta":"","astra-migrate-meta-layouts":"set","ast-page-background-enabled":"default","ast-page-background-meta":{"desktop":{"background-color":"var(--ast-global-color-4)","background-image":"","background-repeat":"repeat","background-position":"center center","background-size":"auto","background-attachment":"scroll","background-type":"","background-media":"","overlay-type":"","overlay-color":"","overlay-opacity":"","overlay-gradient":""},"tablet":{"background-color":"","background-image":"","background-repeat":"repeat","background-position":"center center","background-size":"auto","background-attachment":"scroll","background-type":"","background-media":"","overlay-type":"","overlay-color":"","overlay-opacity":"","overlay-gradient":""},"mobile":{"background-color":"","background-image":"","background-repeat":"repeat","background-position":"center center","background-size":"auto","background-attachment":"scroll","background-type":"","background-media":"","overlay-type":"","overlay-color":"","overlay-opacity":"","overlay-gradient":""}},"ast-content-background-meta":{"desktop":{"background-color":"var(--ast-global-color-5)","background-image":"","background-repeat":"repeat","background-position":"center center","background-size":"auto","background-attachment":"scroll","background-type":"","background-media":"","overlay-type":"","overlay-color":"","overlay-opacity":"","overlay-gradient":""},"tablet":{"background-color":"var(--ast-global-color-5)","background-image":"","background-repeat":"repeat","background-position":"center center","background-size":"auto","background-attachment":"scroll","background-type":"","background-media":"","overlay-type":"","overlay-color":"","overlay-opacity":"","overlay-gradient":""},"mobile":{"background-color":"var(--ast-global-color-5)","background-image":"","background-repeat":"repeat","background-position":"center center","background-size":"auto","background-attachment":"scroll","background-type":"","background-media":"","overlay-type":"","overlay-color":"","overlay-opacity":"","overlay-gradient":""}}},"product_brand":[],"product_cat":[27],"product_tag":[],"class_list":{"0":"post-2254","1":"product","2":"type-product","3":"status-publish","4":"has-post-thumbnail","6":"product_cat-matos-aventurier","7":"desktop-align-left","8":"tablet-align-left","9":"mobile-align-left","11":"first","12":"instock","13":"shipping-taxable","14":"purchasable","15":"product-type-variable"},"_links":{"self":[{"href":"https:\/\/derniere-lune.com\/en\/wp-json\/wp\/v2\/product\/2254","targetHints":{"allow":["GET"]}}],"collection":[{"href":"https:\/\/derniere-lune.com\/en\/wp-json\/wp\/v2\/product"}],"about":[{"href":"https:\/\/derniere-lune.com\/en\/wp-json\/wp\/v2\/types\/product"}],"wp:featuredmedia":[{"embeddable":true,"href":"https:\/\/derniere-lune.com\/en\/wp-json\/wp\/v2\/media\/2219"}],"wp:attachment":[{"href":"https:\/\/derniere-lune.com\/en\/wp-json\/wp\/v2\/media?parent=2254"}],"wp:term":[{"taxonomy":"product_brand","embeddable":true,"href":"https:\/\/derniere-lune.com\/en\/wp-json\/wp\/v2\/product_brand?post=2254"},{"taxonomy":"product_cat","embeddable":true,"href":"https:\/\/derniere-lune.com\/en\/wp-json\/wp\/v2\/product_cat?post=2254"},{"taxonomy":"product_tag","embeddable":true,"href":"https:\/\/derniere-lune.com\/en\/wp-json\/wp\/v2\/product_tag?post=2254"}],"curies":[{"name":"wp","href":"https:\/\/api.w.org\/{rel}","templated":true}]}}