{"id":3024,"date":"2025-11-12T20:00:11","date_gmt":"2025-11-12T19:00:11","guid":{"rendered":"https:\/\/derniere-lune.com\/?post_type=product&#038;p=3024"},"modified":"2026-03-31T12:06:01","modified_gmt":"2026-03-31T10:06:01","slug":"jdr-derniere-lune-an-10","status":"publish","type":"product","link":"https:\/\/derniere-lune.com\/en\/boutique\/jdr-derniere-lune-an-10\/","title":{"rendered":"JDR Derni\u00e8re Lune l&rsquo;an 10"},"content":{"rendered":"<ul>\n<li>Dark Fantasy mature<\/li>\n<li><span style=\"font-size: 16px;\">14 races jouables<\/span><\/li>\n<li>7 all\u00e9geances<\/li>\n<li>Pas de d\u00e9s , on utilise des cartes !<\/li>\n<\/ul>\n<p>&nbsp;<\/p>\n<p class=\"p1\"><em>10 ans.<br \/>\n<\/em><em>Depuis 10 ans les 14 races du Continent se sont alli\u00e9es au sein des Peuples de l&rsquo;Unification pour survivre \u00e0 la menace terrifiante qu&rsquo;impose la B\u00eate. Vous incarnerez des h\u00e9ros forg\u00e9s dans le feu de cette guerre sans fin, des survivants pr\u00eats \u00e0 tout pour prot\u00e9ger ce qui leur reste. Entre alliances fragiles, dilemmes moraux et combats d\u00e9sesp\u00e9r\u00e9s, chaque d\u00e9cision sera cruciale pour pr\u00e9server la derni\u00e8re lueur d\u2019espoir dans ce monde \u00e0 l\u2019agonie. Plongez dans l\u2019inconnu, b\u00e2tissez des alliances inattendues, \u00a0et fa\u00e7onnez le destin du Continent !<\/em><\/p>\n<p>&nbsp;<\/p>\n<p class=\"p1\"><strong>Core set\u00a0<\/strong><\/p>\n<ul>\n<li>L&rsquo;Atlas de l&rsquo;Aventurier &#8211; Guide du joueur<\/li>\n<li>Le Livre Noir &#8211; Livre du MJ<\/li>\n<li>Le livre de r\u00e8gles<\/li>\n<li>Deck joueur (cartes Engagement et Carte Combat)<\/li>\n<li>Deck MJ (Griffes du Destin D &amp; L)<\/li>\n<li>L&rsquo;\u00e9cran de Ma\u00eetre de jeu<\/li>\n<li>Les livres et la feuille de personnage en PDF<\/li>\n<\/ul>\n<p>&nbsp;<\/p>\n<p class=\"p1\"><strong>Nomade<\/strong><\/p>\n<ul>\n<li data-start=\"636\" data-end=\"693\">Les livres en PDF<\/li>\n<li data-start=\"775\" data-end=\"837\">Deck Joueur \u2013 Cartes Engagement &amp; Combat (physique)<\/li>\n<li data-start=\"838\" data-end=\"897\">Deck MJ \u2013 Griffes du Destin D &amp; L (physique)<\/li>\n<li data-start=\"898\" data-end=\"931\">La feuille de Personnage en PDF<\/li>\n<\/ul>\n<p>&nbsp;<\/p>\n<p><strong>Digital<\/strong><\/p>\n<ul>\n<li data-start=\"636\" data-end=\"693\">Les livres en PDF<\/li>\n<li data-start=\"775\" data-end=\"837\">Les decks joueur et MJ en PDF<\/li>\n<li>La feuille de Personnage en PDF<\/li>\n<\/ul>\n<p>&nbsp;<\/p>\n<p>Date de livraison pr\u00e9vue : Premier semestre 2026<\/p>\n<p>&nbsp;<\/p>\n<p><strong>D\u00e9couvrir notre page sur kickstarter<br \/>\n<\/strong><a href=\"https:\/\/www.kickstarter.com\/projects\/dernierelune\/derniere-lune-year-10-the-ttrpg\" target=\"_blank\" rel=\"noopener\">https:\/\/www.kickstarter.com\/projects\/dernierelune\/derniere-lune-year-10-the-ttrpg<\/a><\/p>","protected":false},"excerpt":{"rendered":"<p>Rejoignez les rangs de l\u2019Unification et combattez la B\u00eate dans le JDR Derni\u00e8re Lune.<\/p>","protected":false},"featured_media":3126,"template":"","meta":{"site-sidebar-layout":"default","site-content-layout":"","ast-site-content-layout":"default","site-content-style":"default","site-sidebar-style":"default","ast-global-header-display":"","ast-banner-title-visibility":"","ast-main-header-display":"","ast-hfb-above-header-display":"","ast-hfb-below-header-display":"","ast-hfb-mobile-header-display":"","site-post-title":"","ast-breadcrumbs-content":"","ast-featured-img":"","footer-sml-layout":"","ast-disable-related-posts":"","theme-transparent-header-meta":"default","adv-header-id-meta":"","stick-header-meta":"","header-above-stick-meta":"","header-main-stick-meta":"","header-below-stick-meta":"","astra-migrate-meta-layouts":"set","ast-page-background-enabled":"default","ast-page-background-meta":{"desktop":{"background-color":"var(--ast-global-color-4)","background-image":"","background-repeat":"repeat","background-position":"center center","background-size":"auto","background-attachment":"scroll","background-type":"","background-media":"","overlay-type":"","overlay-color":"","overlay-opacity":"","overlay-gradient":""},"tablet":{"background-color":"","background-image":"","background-repeat":"repeat","background-position":"center center","background-size":"auto","background-attachment":"scroll","background-type":"","background-media":"","overlay-type":"","overlay-color":"","overlay-opacity":"","overlay-gradient":""},"mobile":{"background-color":"","background-image":"","background-repeat":"repeat","background-position":"center center","background-size":"auto","background-attachment":"scroll","background-type":"","background-media":"","overlay-type":"","overlay-color":"","overlay-opacity":"","overlay-gradient":""}},"ast-content-background-meta":{"desktop":{"background-color":"var(--ast-global-color-5)","background-image":"","background-repeat":"repeat","background-position":"center center","background-size":"auto","background-attachment":"scroll","background-type":"","background-media":"","overlay-type":"","overlay-color":"","overlay-opacity":"","overlay-gradient":""},"tablet":{"background-color":"var(--ast-global-color-5)","background-image":"","background-repeat":"repeat","background-position":"center center","background-size":"auto","background-attachment":"scroll","background-type":"","background-media":"","overlay-type":"","overlay-color":"","overlay-opacity":"","overlay-gradient":""},"mobile":{"background-color":"var(--ast-global-color-5)","background-image":"","background-repeat":"repeat","background-position":"center center","background-size":"auto","background-attachment":"scroll","background-type":"","background-media":"","overlay-type":"","overlay-color":"","overlay-opacity":"","overlay-gradient":""}}},"product_brand":[],"product_cat":[53],"product_tag":[],"class_list":{"0":"post-3024","1":"product","2":"type-product","3":"status-publish","4":"has-post-thumbnail","6":"product_cat-jeu-de-role","7":"desktop-align-left","8":"tablet-align-left","9":"mobile-align-left","11":"first","12":"instock","13":"shipping-taxable","14":"purchasable","15":"product-type-variable","16":"has-default-attributes"},"_links":{"self":[{"href":"https:\/\/derniere-lune.com\/en\/wp-json\/wp\/v2\/product\/3024","targetHints":{"allow":["GET"]}}],"collection":[{"href":"https:\/\/derniere-lune.com\/en\/wp-json\/wp\/v2\/product"}],"about":[{"href":"https:\/\/derniere-lune.com\/en\/wp-json\/wp\/v2\/types\/product"}],"wp:featuredmedia":[{"embeddable":true,"href":"https:\/\/derniere-lune.com\/en\/wp-json\/wp\/v2\/media\/3126"}],"wp:attachment":[{"href":"https:\/\/derniere-lune.com\/en\/wp-json\/wp\/v2\/media?parent=3024"}],"wp:term":[{"taxonomy":"product_brand","embeddable":true,"href":"https:\/\/derniere-lune.com\/en\/wp-json\/wp\/v2\/product_brand?post=3024"},{"taxonomy":"product_cat","embeddable":true,"href":"https:\/\/derniere-lune.com\/en\/wp-json\/wp\/v2\/product_cat?post=3024"},{"taxonomy":"product_tag","embeddable":true,"href":"https:\/\/derniere-lune.com\/en\/wp-json\/wp\/v2\/product_tag?post=3024"}],"curies":[{"name":"wp","href":"https:\/\/api.w.org\/{rel}","templated":true}]}}