{"id":3032,"date":"2025-11-12T19:50:49","date_gmt":"2025-11-12T18:50:49","guid":{"rendered":"https:\/\/derniere-lune.com\/?post_type=product&#038;p=3032"},"modified":"2026-03-31T12:06:25","modified_gmt":"2026-03-31T10:06:25","slug":"jdr-derniere-lune-lan-10-nomade","status":"publish","type":"product","link":"https:\/\/derniere-lune.com\/en\/boutique\/jdr-derniere-lune-lan-10-nomade\/","title":{"rendered":"JDR Derni\u00e8re Lune l&rsquo;an 10 &#8211; Nomade"},"content":{"rendered":"<p>Derni\u00e8re Lune l&rsquo;an 10, version Nomade<\/p>\n<p>Vous manquez de place dans votre biblioth\u00e8que ou vous pr\u00e9f\u00e9rez voyager l\u00e9ger ?<br data-start=\"329\" data-end=\"332\" \/>C&rsquo;est la version de notre JDR qu&rsquo;il vous faut ! Elle combine les livres en PDF pour les lire partout et les cartes en version physique pour ne pas d\u00e9naturer l&rsquo;exp\u00e9rience de jeu.<\/p>\n<p>&nbsp;<\/p>\n<p><em>Depuis 10 ans,<br \/>\nles quatorze races du Continent unissent leurs forces au sein des All\u00e9geances de l\u2019Unification. Ensemble, elles luttent pour survivre face \u00e0 la menace implacable de la B\u00eate.<\/em><br data-start=\"489\" data-end=\"492\" \/><em>Vous incarnez ces h\u00e9ros marqu\u00e9s par la guerre, forg\u00e9s dans la douleur et l\u2019espoir.<\/em><br data-start=\"574\" data-end=\"577\" \/><em>Entre trahisons, choix impossibles et batailles d\u00e9sesp\u00e9r\u00e9es, chaque d\u00e9cision peut faire vaciller le fragile \u00e9quilibre du monde. <\/em><em>Forgez votre l\u00e9gende, rallumez la flamme de l\u2019esp\u00e9rance\u2026 et osez d\u00e9fier l\u2019in\u00e9vitable<\/em><\/p>\n<p>&nbsp;<\/p>\n<p>Description du contenu :<\/p>\n<ul data-start=\"636\" data-end=\"931\">\n<li data-start=\"636\" data-end=\"693\">L\u2019Atlas de l\u2019Aventurier &#8211; Guide du Joueur (PDF)<\/li>\n<li data-start=\"694\" data-end=\"741\">Le Livre Noir &#8211; Livre du Ma\u00eetre de jeu (PDF)<\/li>\n<li data-start=\"742\" data-end=\"774\">Le Livre de R\u00e8gles (PDF)<\/li>\n<li data-start=\"775\" data-end=\"837\">Deck Joueur &#8211; Cartes Engagement &amp; Combat (physique)<\/li>\n<li data-start=\"838\" data-end=\"897\">Deck MJ &#8211; Griffes du Destin D &amp; L (physique)<\/li>\n<li data-start=\"898\" data-end=\"931\">Feuille de Personnage (PDF)<\/li>\n<\/ul>\n<p>Date de livraison pr\u00e9vue : Premier trimestre 2026<\/p>\n<p>&nbsp;<\/p>\n<p><strong>D\u00e9couvrir notre page sur kickstarter<br \/>\n<\/strong><a href=\"https:\/\/www.kickstarter.com\/projects\/dernierelune\/derniere-lune-year-10-the-ttrpg\" target=\"_blank\" rel=\"noopener\">https:\/\/www.kickstarter.com\/projects\/dernierelune\/derniere-lune-year-10-the-ttrpg<\/a><\/p>","protected":false},"excerpt":{"rendered":"<p>La version Nomade du Jeu de r\u00f4le Derni\u00e8re Lune :<\/p>\n<ul>\n<li>Les livres en PDF<\/li>\n<li>Le Core Deck (les cartes) en physique<\/li>\n<\/ul>","protected":false},"featured_media":3034,"template":"","meta":{"site-sidebar-layout":"default","site-content-layout":"","ast-site-content-layout":"default","site-content-style":"default","site-sidebar-style":"default","ast-global-header-display":"","ast-banner-title-visibility":"","ast-main-header-display":"","ast-hfb-above-header-display":"","ast-hfb-below-header-display":"","ast-hfb-mobile-header-display":"","site-post-title":"","ast-breadcrumbs-content":"","ast-featured-img":"","footer-sml-layout":"","ast-disable-related-posts":"","theme-transparent-header-meta":"default","adv-header-id-meta":"","stick-header-meta":"","header-above-stick-meta":"","header-main-stick-meta":"","header-below-stick-meta":"","astra-migrate-meta-layouts":"set","ast-page-background-enabled":"default","ast-page-background-meta":{"desktop":{"background-color":"var(--ast-global-color-4)","background-image":"","background-repeat":"repeat","background-position":"center center","background-size":"auto","background-attachment":"scroll","background-type":"","background-media":"","overlay-type":"","overlay-color":"","overlay-opacity":"","overlay-gradient":""},"tablet":{"background-color":"","background-image":"","background-repeat":"repeat","background-position":"center center","background-size":"auto","background-attachment":"scroll","background-type":"","background-media":"","overlay-type":"","overlay-color":"","overlay-opacity":"","overlay-gradient":""},"mobile":{"background-color":"","background-image":"","background-repeat":"repeat","background-position":"center center","background-size":"auto","background-attachment":"scroll","background-type":"","background-media":"","overlay-type":"","overlay-color":"","overlay-opacity":"","overlay-gradient":""}},"ast-content-background-meta":{"desktop":{"background-color":"var(--ast-global-color-5)","background-image":"","background-repeat":"repeat","background-position":"center center","background-size":"auto","background-attachment":"scroll","background-type":"","background-media":"","overlay-type":"","overlay-color":"","overlay-opacity":"","overlay-gradient":""},"tablet":{"background-color":"var(--ast-global-color-5)","background-image":"","background-repeat":"repeat","background-position":"center center","background-size":"auto","background-attachment":"scroll","background-type":"","background-media":"","overlay-type":"","overlay-color":"","overlay-opacity":"","overlay-gradient":""},"mobile":{"background-color":"var(--ast-global-color-5)","background-image":"","background-repeat":"repeat","background-position":"center center","background-size":"auto","background-attachment":"scroll","background-type":"","background-media":"","overlay-type":"","overlay-color":"","overlay-opacity":"","overlay-gradient":""}}},"product_brand":[],"product_cat":[53],"product_tag":[],"class_list":{"0":"post-3032","1":"product","2":"type-product","3":"status-publish","4":"has-post-thumbnail","6":"product_cat-jeu-de-role","7":"desktop-align-left","8":"tablet-align-left","9":"mobile-align-left","11":"first","12":"instock","13":"shipping-taxable","14":"purchasable","15":"product-type-simple"},"_links":{"self":[{"href":"https:\/\/derniere-lune.com\/en\/wp-json\/wp\/v2\/product\/3032","targetHints":{"allow":["GET"]}}],"collection":[{"href":"https:\/\/derniere-lune.com\/en\/wp-json\/wp\/v2\/product"}],"about":[{"href":"https:\/\/derniere-lune.com\/en\/wp-json\/wp\/v2\/types\/product"}],"wp:featuredmedia":[{"embeddable":true,"href":"https:\/\/derniere-lune.com\/en\/wp-json\/wp\/v2\/media\/3034"}],"wp:attachment":[{"href":"https:\/\/derniere-lune.com\/en\/wp-json\/wp\/v2\/media?parent=3032"}],"wp:term":[{"taxonomy":"product_brand","embeddable":true,"href":"https:\/\/derniere-lune.com\/en\/wp-json\/wp\/v2\/product_brand?post=3032"},{"taxonomy":"product_cat","embeddable":true,"href":"https:\/\/derniere-lune.com\/en\/wp-json\/wp\/v2\/product_cat?post=3032"},{"taxonomy":"product_tag","embeddable":true,"href":"https:\/\/derniere-lune.com\/en\/wp-json\/wp\/v2\/product_tag?post=3032"}],"curies":[{"name":"wp","href":"https:\/\/api.w.org\/{rel}","templated":true}]}}