{"id":3068,"date":"2025-11-12T19:40:37","date_gmt":"2025-11-12T18:40:37","guid":{"rendered":"https:\/\/derniere-lune.com\/?post_type=product&#038;p=3068"},"modified":"2026-03-31T12:07:25","modified_gmt":"2026-03-31T10:07:25","slug":"jdr-derniere-lune-lan-10-digital-core-set","status":"publish","type":"product","link":"https:\/\/derniere-lune.com\/en\/boutique\/jdr-derniere-lune-lan-10-digital-core-set\/","title":{"rendered":"JDR Derni\u00e8re Lune l&rsquo;an 10  &#8211; Digital Core set"},"content":{"rendered":"<p data-start=\"270\" data-end=\"646\">Plongez dans l\u2019univers sombre du jeu de r\u00f4le Derni\u00e8re Lune avec une \u00e9dition 100 % num\u00e9rique.<br data-start=\"414\" data-end=\"417\" \/>Cette version inclut tous les livres et cartes en format PDF.<br \/>\nImprimez vos cartes et vos feuilles de personnage et lancez-vous dans l\u2019aventure !<\/p>\n<h3 data-start=\"653\" data-end=\"685\"><\/h3>\n<p data-start=\"686\" data-end=\"1138\"><em>Dix ann\u00e9es se sont \u00e9coul\u00e9es depuis que les quatorze races du Continent ont jur\u00e9 fid\u00e9lit\u00e9 aux All\u00e9geances de l\u2019Unification.<\/em><br data-start=\"812\" data-end=\"815\" \/><em>Ensemble, elles affrontent la B\u00eate, une force qui d\u00e9vore tout espoir.<\/em><br data-start=\"884\" data-end=\"887\" \/><em>Vous incarnerez ces survivants : des \u00eatres fa\u00e7onn\u00e9s par la guerre, les pertes et les choix impossibles.<\/em><br data-start=\"990\" data-end=\"993\" \/><em>Dans un monde au bord de l\u2019extinction, chaque d\u00e9cision compte. <\/em><em>R\u00e9unissez vos compagnons, b\u00e2tissez vos alliances, et osez affronter l\u2019obscurit\u00e9.<\/em><\/p>\n<p>&nbsp;<\/p>\n<p>Description du contenu :<\/p>\n<ul data-start=\"636\" data-end=\"931\">\n<li data-start=\"636\" data-end=\"693\">L\u2019Atlas de l\u2019Aventurier &#8211; Guide du Joueur (PDF)<\/li>\n<li data-start=\"694\" data-end=\"741\">Le Livre Noir &#8211; Livre du Ma\u00eetre de jeu (PDF)<\/li>\n<li data-start=\"742\" data-end=\"774\">Le Livre de R\u00e8gles (PDF)<\/li>\n<li data-start=\"775\" data-end=\"837\">Deck Joueur &#8211; Cartes Engagement &amp; Combat (PDF \u00e0 imprimer)<\/li>\n<li data-start=\"838\" data-end=\"897\">Deck MJ &#8211; Griffes du Destin D &amp; L (PDF \u00e0 imprimer)<\/li>\n<li data-start=\"898\" data-end=\"931\">Feuille de Personnage (PDF)<\/li>\n<\/ul>\n<p>Date de livraison pr\u00e9vue : Premier trimestre 2026<\/p>\n<p>&nbsp;<\/p>\n<p><strong>D\u00e9couvrir notre page sur kickstarter<br \/>\n<\/strong><a href=\"https:\/\/www.kickstarter.com\/projects\/dernierelune\/derniere-lune-year-10-the-ttrpg\" target=\"_blank\" rel=\"noopener\">https:\/\/www.kickstarter.com\/projects\/dernierelune\/derniere-lune-year-10-the-ttrpg<\/a><\/p>","protected":false},"excerpt":{"rendered":"<p>Le Core Set Digital du Jeu de r\u00f4le Derni\u00e8re Lune :<\/p>\n<ul>\n<li>Les livres en PDF<\/li>\n<li>Le Core Deck (les cartes) en PDF \u00e0 imprimer<\/li>\n<\/ul>","protected":false},"featured_media":3069,"template":"","meta":{"site-sidebar-layout":"default","site-content-layout":"","ast-site-content-layout":"default","site-content-style":"default","site-sidebar-style":"default","ast-global-header-display":"","ast-banner-title-visibility":"","ast-main-header-display":"","ast-hfb-above-header-display":"","ast-hfb-below-header-display":"","ast-hfb-mobile-header-display":"","site-post-title":"","ast-breadcrumbs-content":"","ast-featured-img":"","footer-sml-layout":"","ast-disable-related-posts":"","theme-transparent-header-meta":"default","adv-header-id-meta":"","stick-header-meta":"","header-above-stick-meta":"","header-main-stick-meta":"","header-below-stick-meta":"","astra-migrate-meta-layouts":"set","ast-page-background-enabled":"default","ast-page-background-meta":{"desktop":{"background-color":"var(--ast-global-color-4)","background-image":"","background-repeat":"repeat","background-position":"center center","background-size":"auto","background-attachment":"scroll","background-type":"","background-media":"","overlay-type":"","overlay-color":"","overlay-opacity":"","overlay-gradient":""},"tablet":{"background-color":"","background-image":"","background-repeat":"repeat","background-position":"center center","background-size":"auto","background-attachment":"scroll","background-type":"","background-media":"","overlay-type":"","overlay-color":"","overlay-opacity":"","overlay-gradient":""},"mobile":{"background-color":"","background-image":"","background-repeat":"repeat","background-position":"center center","background-size":"auto","background-attachment":"scroll","background-type":"","background-media":"","overlay-type":"","overlay-color":"","overlay-opacity":"","overlay-gradient":""}},"ast-content-background-meta":{"desktop":{"background-color":"var(--ast-global-color-5)","background-image":"","background-repeat":"repeat","background-position":"center center","background-size":"auto","background-attachment":"scroll","background-type":"","background-media":"","overlay-type":"","overlay-color":"","overlay-opacity":"","overlay-gradient":""},"tablet":{"background-color":"var(--ast-global-color-5)","background-image":"","background-repeat":"repeat","background-position":"center center","background-size":"auto","background-attachment":"scroll","background-type":"","background-media":"","overlay-type":"","overlay-color":"","overlay-opacity":"","overlay-gradient":""},"mobile":{"background-color":"var(--ast-global-color-5)","background-image":"","background-repeat":"repeat","background-position":"center center","background-size":"auto","background-attachment":"scroll","background-type":"","background-media":"","overlay-type":"","overlay-color":"","overlay-opacity":"","overlay-gradient":""}}},"product_brand":[],"product_cat":[53],"product_tag":[],"class_list":{"0":"post-3068","1":"product","2":"type-product","3":"status-publish","4":"has-post-thumbnail","6":"product_cat-jeu-de-role","7":"desktop-align-left","8":"tablet-align-left","9":"mobile-align-left","11":"first","12":"instock","13":"shipping-taxable","14":"purchasable","15":"product-type-simple"},"_links":{"self":[{"href":"https:\/\/derniere-lune.com\/en\/wp-json\/wp\/v2\/product\/3068","targetHints":{"allow":["GET"]}}],"collection":[{"href":"https:\/\/derniere-lune.com\/en\/wp-json\/wp\/v2\/product"}],"about":[{"href":"https:\/\/derniere-lune.com\/en\/wp-json\/wp\/v2\/types\/product"}],"wp:featuredmedia":[{"embeddable":true,"href":"https:\/\/derniere-lune.com\/en\/wp-json\/wp\/v2\/media\/3069"}],"wp:attachment":[{"href":"https:\/\/derniere-lune.com\/en\/wp-json\/wp\/v2\/media?parent=3068"}],"wp:term":[{"taxonomy":"product_brand","embeddable":true,"href":"https:\/\/derniere-lune.com\/en\/wp-json\/wp\/v2\/product_brand?post=3068"},{"taxonomy":"product_cat","embeddable":true,"href":"https:\/\/derniere-lune.com\/en\/wp-json\/wp\/v2\/product_cat?post=3068"},{"taxonomy":"product_tag","embeddable":true,"href":"https:\/\/derniere-lune.com\/en\/wp-json\/wp\/v2\/product_tag?post=3068"}],"curies":[{"name":"wp","href":"https:\/\/api.w.org\/{rel}","templated":true}]}}