{"id":3077,"date":"2025-11-12T19:10:55","date_gmt":"2025-11-12T18:10:55","guid":{"rendered":"https:\/\/derniere-lune.com\/?post_type=product&#038;p=3077"},"modified":"2026-03-31T12:10:23","modified_gmt":"2026-03-31T10:10:23","slug":"jdr-dl-mj-ecran","status":"publish","type":"product","link":"https:\/\/derniere-lune.com\/en\/boutique\/jdr-dl-mj-ecran\/","title":{"rendered":"\u00c9cran MJ"},"content":{"rendered":"<p data-start=\"252\" data-end=\"533\">L\u2019\u00e9cran du Ma\u00eetre de Jeu de Derni\u00e8re Lune a \u00e9t\u00e9 con\u00e7u pour r\u00e9pondre aux besoins sp\u00e9cifiques du jeu.<br data-start=\"355\" data-end=\"358\" \/>Son format atypique permet au MJ d\u2019acc\u00e9der facilement aux Griffes du Destin D &amp; L plac\u00e9es devant lui, sans g\u00eaner la visibilit\u00e9 ni l\u2019interaction avec les joueurs. Le MJ y trouvera \u00e9galement des informations utiles pour mener \u00e0 bien ses parties.<\/p>\n<p data-start=\"535\" data-end=\"802\">Disponible en 2 versions :<\/p>\n<ul>\n<li data-start=\"535\" data-end=\"802\">La version standard dans laquelle la horde de B\u00eate fait face aux joueurs<\/li>\n<li data-start=\"535\" data-end=\"802\">L&rsquo;\u00e9dition limit\u00e9e illustr\u00e9e par Gabriel Bulik.\n<ul>\n<li data-start=\"535\" data-end=\"802\">\u261e Visuel en cours de cr\u00e9ation, nous vous pr\u00e9senterons le design final d\u00e8s qu&rsquo;il sera termin\u00e9 !<\/li>\n<li data-start=\"535\" data-end=\"802\">\u261e Les b\u00e9n\u00e9fices des ventes de cet \u00e9cran seront directement revers\u00e9s \u00e0 Gabriel pour le remercier de son investissement<\/li>\n<\/ul>\n<\/li>\n<\/ul>\n<p data-start=\"270\" data-end=\"646\">Dimensions :<\/p>\n<ul>\n<li data-start=\"270\" data-end=\"646\">Pli\u00e9 : 240mm x 140mm<\/li>\n<li data-start=\"270\" data-end=\"646\">Ouvert : 480mm x 140mm<\/li>\n<\/ul>","protected":false},"excerpt":{"rendered":"<p>L\u2019\u00e9cran du Ma\u00eetre de Jeu de Derni\u00e8re Lune a \u00e9t\u00e9 con\u00e7u pour r\u00e9pondre aux besoins sp\u00e9cifiques du jeu.Son format atypique permet au MJ d\u2019acc\u00e9der facilement aux Griffes du Destin D &amp; L plac\u00e9es devant lui, sans g\u00eaner la visibilit\u00e9 ni l\u2019interaction avec les joueurs. Le MJ y trouvera \u00e9galement des informations utiles pour mener \u00e0 [&hellip;]<\/p>\n","protected":false},"featured_media":3086,"template":"","meta":{"site-sidebar-layout":"default","site-content-layout":"","ast-site-content-layout":"default","site-content-style":"default","site-sidebar-style":"default","ast-global-header-display":"","ast-banner-title-visibility":"","ast-main-header-display":"","ast-hfb-above-header-display":"","ast-hfb-below-header-display":"","ast-hfb-mobile-header-display":"","site-post-title":"","ast-breadcrumbs-content":"","ast-featured-img":"","footer-sml-layout":"","ast-disable-related-posts":"","theme-transparent-header-meta":"default","adv-header-id-meta":"","stick-header-meta":"","header-above-stick-meta":"","header-main-stick-meta":"","header-below-stick-meta":"","astra-migrate-meta-layouts":"set","ast-page-background-enabled":"default","ast-page-background-meta":{"desktop":{"background-color":"var(--ast-global-color-4)","background-image":"","background-repeat":"repeat","background-position":"center center","background-size":"auto","background-attachment":"scroll","background-type":"","background-media":"","overlay-type":"","overlay-color":"","overlay-opacity":"","overlay-gradient":""},"tablet":{"background-color":"","background-image":"","background-repeat":"repeat","background-position":"center center","background-size":"auto","background-attachment":"scroll","background-type":"","background-media":"","overlay-type":"","overlay-color":"","overlay-opacity":"","overlay-gradient":""},"mobile":{"background-color":"","background-image":"","background-repeat":"repeat","background-position":"center center","background-size":"auto","background-attachment":"scroll","background-type":"","background-media":"","overlay-type":"","overlay-color":"","overlay-opacity":"","overlay-gradient":""}},"ast-content-background-meta":{"desktop":{"background-color":"var(--ast-global-color-5)","background-image":"","background-repeat":"repeat","background-position":"center center","background-size":"auto","background-attachment":"scroll","background-type":"","background-media":"","overlay-type":"","overlay-color":"","overlay-opacity":"","overlay-gradient":""},"tablet":{"background-color":"var(--ast-global-color-5)","background-image":"","background-repeat":"repeat","background-position":"center center","background-size":"auto","background-attachment":"scroll","background-type":"","background-media":"","overlay-type":"","overlay-color":"","overlay-opacity":"","overlay-gradient":""},"mobile":{"background-color":"var(--ast-global-color-5)","background-image":"","background-repeat":"repeat","background-position":"center center","background-size":"auto","background-attachment":"scroll","background-type":"","background-media":"","overlay-type":"","overlay-color":"","overlay-opacity":"","overlay-gradient":""}}},"product_brand":[],"product_cat":[53],"product_tag":[],"class_list":{"0":"post-3077","1":"product","2":"type-product","3":"status-publish","4":"has-post-thumbnail","6":"product_cat-jeu-de-role","7":"desktop-align-left","8":"tablet-align-left","9":"mobile-align-left","11":"first","12":"instock","13":"shipping-taxable","14":"purchasable","15":"product-type-variable"},"_links":{"self":[{"href":"https:\/\/derniere-lune.com\/en\/wp-json\/wp\/v2\/product\/3077","targetHints":{"allow":["GET"]}}],"collection":[{"href":"https:\/\/derniere-lune.com\/en\/wp-json\/wp\/v2\/product"}],"about":[{"href":"https:\/\/derniere-lune.com\/en\/wp-json\/wp\/v2\/types\/product"}],"wp:featuredmedia":[{"embeddable":true,"href":"https:\/\/derniere-lune.com\/en\/wp-json\/wp\/v2\/media\/3086"}],"wp:attachment":[{"href":"https:\/\/derniere-lune.com\/en\/wp-json\/wp\/v2\/media?parent=3077"}],"wp:term":[{"taxonomy":"product_brand","embeddable":true,"href":"https:\/\/derniere-lune.com\/en\/wp-json\/wp\/v2\/product_brand?post=3077"},{"taxonomy":"product_cat","embeddable":true,"href":"https:\/\/derniere-lune.com\/en\/wp-json\/wp\/v2\/product_cat?post=3077"},{"taxonomy":"product_tag","embeddable":true,"href":"https:\/\/derniere-lune.com\/en\/wp-json\/wp\/v2\/product_tag?post=3077"}],"curies":[{"name":"wp","href":"https:\/\/api.w.org\/{rel}","templated":true}]}}