{"id":3087,"date":"2025-11-12T22:47:22","date_gmt":"2025-11-12T21:47:22","guid":{"rendered":"https:\/\/derniere-lune.com\/?post_type=product&#038;p=3087"},"modified":"2026-03-31T12:04:44","modified_gmt":"2026-03-31T10:04:44","slug":"jdr-dl-livres","status":"publish","type":"product","link":"https:\/\/derniere-lune.com\/en\/boutique\/jdr-dl-livres\/","title":{"rendered":"JDR DL l&rsquo;An 10 &#8211; Livres"},"content":{"rendered":"<p data-start=\"181\" data-end=\"377\">Retrouvez les trois livres essentiels du jeu de r\u00f4le Derni\u00e8re Lune l&rsquo;An 10 en \u00e9dition physique.<br data-start=\"276\" data-end=\"279\" \/>Un ensemble complet pour explorer le Continent, comprendre ses r\u00e8gles et en percer les myst\u00e8res.<\/p>\n<p class=\"p1\">Contenu :<\/p>\n<ul>\n<li>L&rsquo;Atlas de l&rsquo;Aventurier &#8211; Guide du joueur<\/li>\n<li>Le Livre Noir &#8211; Livre du MJ<\/li>\n<li>Le livre de r\u00e8gles<\/li>\n<\/ul>\n<p>Date de livraison pr\u00e9vue : Premier semestre 2026<\/p>\n<p>&nbsp;<\/p>\n<p><strong>D\u00e9couvrir notre page sur kickstarter<br \/>\n<\/strong><a href=\"https:\/\/www.kickstarter.com\/projects\/dernierelune\/derniere-lune-year-10-the-ttrpg\" target=\"_blank\" rel=\"noopener\">https:\/\/www.kickstarter.com\/projects\/dernierelune\/derniere-lune-year-10-the-ttrpg<\/a><\/p>","protected":false},"excerpt":{"rendered":"<p>Les Livres de Derni\u00e8re Lune \u2013 Version Physique<\/p>","protected":false},"featured_media":3088,"template":"","meta":{"site-sidebar-layout":"default","site-content-layout":"","ast-site-content-layout":"default","site-content-style":"default","site-sidebar-style":"default","ast-global-header-display":"","ast-banner-title-visibility":"","ast-main-header-display":"","ast-hfb-above-header-display":"","ast-hfb-below-header-display":"","ast-hfb-mobile-header-display":"","site-post-title":"","ast-breadcrumbs-content":"","ast-featured-img":"","footer-sml-layout":"","ast-disable-related-posts":"","theme-transparent-header-meta":"default","adv-header-id-meta":"","stick-header-meta":"","header-above-stick-meta":"","header-main-stick-meta":"","header-below-stick-meta":"","astra-migrate-meta-layouts":"set","ast-page-background-enabled":"default","ast-page-background-meta":{"desktop":{"background-color":"var(--ast-global-color-4)","background-image":"","background-repeat":"repeat","background-position":"center center","background-size":"auto","background-attachment":"scroll","background-type":"","background-media":"","overlay-type":"","overlay-color":"","overlay-opacity":"","overlay-gradient":""},"tablet":{"background-color":"","background-image":"","background-repeat":"repeat","background-position":"center center","background-size":"auto","background-attachment":"scroll","background-type":"","background-media":"","overlay-type":"","overlay-color":"","overlay-opacity":"","overlay-gradient":""},"mobile":{"background-color":"","background-image":"","background-repeat":"repeat","background-position":"center center","background-size":"auto","background-attachment":"scroll","background-type":"","background-media":"","overlay-type":"","overlay-color":"","overlay-opacity":"","overlay-gradient":""}},"ast-content-background-meta":{"desktop":{"background-color":"var(--ast-global-color-5)","background-image":"","background-repeat":"repeat","background-position":"center center","background-size":"auto","background-attachment":"scroll","background-type":"","background-media":"","overlay-type":"","overlay-color":"","overlay-opacity":"","overlay-gradient":""},"tablet":{"background-color":"var(--ast-global-color-5)","background-image":"","background-repeat":"repeat","background-position":"center center","background-size":"auto","background-attachment":"scroll","background-type":"","background-media":"","overlay-type":"","overlay-color":"","overlay-opacity":"","overlay-gradient":""},"mobile":{"background-color":"var(--ast-global-color-5)","background-image":"","background-repeat":"repeat","background-position":"center center","background-size":"auto","background-attachment":"scroll","background-type":"","background-media":"","overlay-type":"","overlay-color":"","overlay-opacity":"","overlay-gradient":""}}},"product_brand":[],"product_cat":[53],"product_tag":[],"class_list":{"0":"post-3087","1":"product","2":"type-product","3":"status-publish","4":"has-post-thumbnail","6":"product_cat-jeu-de-role","7":"desktop-align-left","8":"tablet-align-left","9":"mobile-align-left","11":"first","12":"instock","13":"shipping-taxable","14":"purchasable","15":"product-type-simple"},"_links":{"self":[{"href":"https:\/\/derniere-lune.com\/en\/wp-json\/wp\/v2\/product\/3087","targetHints":{"allow":["GET"]}}],"collection":[{"href":"https:\/\/derniere-lune.com\/en\/wp-json\/wp\/v2\/product"}],"about":[{"href":"https:\/\/derniere-lune.com\/en\/wp-json\/wp\/v2\/types\/product"}],"wp:featuredmedia":[{"embeddable":true,"href":"https:\/\/derniere-lune.com\/en\/wp-json\/wp\/v2\/media\/3088"}],"wp:attachment":[{"href":"https:\/\/derniere-lune.com\/en\/wp-json\/wp\/v2\/media?parent=3087"}],"wp:term":[{"taxonomy":"product_brand","embeddable":true,"href":"https:\/\/derniere-lune.com\/en\/wp-json\/wp\/v2\/product_brand?post=3087"},{"taxonomy":"product_cat","embeddable":true,"href":"https:\/\/derniere-lune.com\/en\/wp-json\/wp\/v2\/product_cat?post=3087"},{"taxonomy":"product_tag","embeddable":true,"href":"https:\/\/derniere-lune.com\/en\/wp-json\/wp\/v2\/product_tag?post=3087"}],"curies":[{"name":"wp","href":"https:\/\/api.w.org\/{rel}","templated":true}]}}