{"id":3089,"date":"2025-11-12T22:53:41","date_gmt":"2025-11-12T21:53:41","guid":{"rendered":"https:\/\/derniere-lune.com\/?post_type=product&#038;p=3089"},"modified":"2026-03-31T12:03:32","modified_gmt":"2026-03-31T10:03:32","slug":"jdr-dl-core-deck","status":"publish","type":"product","link":"https:\/\/derniere-lune.com\/en\/boutique\/jdr-dl-core-deck\/","title":{"rendered":"JDR DL l&rsquo;An 10  &#8211; Core deck"},"content":{"rendered":"<p data-start=\"296\" data-end=\"364\">Le core deck est au c\u0153ur de la m\u00e9canique de Derni\u00e8re Lune : un syst\u00e8me fluide et immersif, o\u00f9 la strat\u00e9gie et l\u2019interpr\u00e9tation priment. Le core deck r\u00e9unit l\u2019ensemble des cartes n\u00e9cessaires au jeu :<\/p>\n<p data-start=\"366\" data-end=\"667\"><strong>Les Griffes du Destin D &amp; L<\/strong><br \/>\nR\u00e9serv\u00e9es au ma\u00eetre de jeu, elles repr\u00e9sentent l\u2019influence impr\u00e9visible du destin. Les griffes D traduisent les actions simples ou courantes, tandis que les griffes L incarnent les d\u00e9fis p\u00e9rilleux et les oppositions majeures.<\/p>\n<p data-start=\"669\" data-end=\"982\"><strong>Les cartes Engagement<\/strong><br \/>\nElles refl\u00e8tent le potentiel \u00e9nerg\u00e9tique et la d\u00e9termination du PJ. Chaque carte jou\u00e9e est l&rsquo;expression de sa strat\u00e9gie et son implication dans l\u2019aventure. Plus il en a, plus le personnage est pr\u00eat \u00e0 se d\u00e9passer&#8230; mais attention \u00e0 l&rsquo;\u00e9puisement, cela pourrait lui co\u00fbter cher !<\/p>\n<p data-start=\"984\" data-end=\"1214\"><strong>Les cartes Combat<\/strong><br \/>\nElles interviennent lors des affrontements. Elles traduisent la force et la pr\u00e9cision d\u2019une attaque ou d\u2019une d\u00e9fense, offrant une lecture claire de la dynamique des combats et de la tension du moment.<\/p>\n<p data-start=\"984\" data-end=\"1214\">Contenu :<\/p>\n<ul>\n<li data-start=\"984\" data-end=\"1214\">Griffes D : 22 cartes<\/li>\n<li data-start=\"984\" data-end=\"1214\">Griffes L : 22 cartes<\/li>\n<li data-start=\"984\" data-end=\"1214\">Cartes Engagement : 44 cartes<\/li>\n<li data-start=\"984\" data-end=\"1214\">Cartes Combat : 44 cartes<\/li>\n<\/ul>","protected":false},"excerpt":{"rendered":"<p>Le Core Deck de Derni\u00e8re Lune remplace les d\u00e9s par un syst\u00e8me de cartes qui met l\u2019accent sur la narration et la strat\u00e9gie. Il r\u00e9unit les Griffes du Destin D &amp; L destin\u00e9es au Ma\u00eetre de Jeu, ainsi que les cartes Engagement et cartes Combat utilis\u00e9es par les joueurs.<\/p>","protected":false},"featured_media":3090,"template":"","meta":{"site-sidebar-layout":"default","site-content-layout":"","ast-site-content-layout":"default","site-content-style":"default","site-sidebar-style":"default","ast-global-header-display":"","ast-banner-title-visibility":"","ast-main-header-display":"","ast-hfb-above-header-display":"","ast-hfb-below-header-display":"","ast-hfb-mobile-header-display":"","site-post-title":"","ast-breadcrumbs-content":"","ast-featured-img":"","footer-sml-layout":"","ast-disable-related-posts":"","theme-transparent-header-meta":"default","adv-header-id-meta":"","stick-header-meta":"","header-above-stick-meta":"","header-main-stick-meta":"","header-below-stick-meta":"","astra-migrate-meta-layouts":"set","ast-page-background-enabled":"default","ast-page-background-meta":{"desktop":{"background-color":"var(--ast-global-color-4)","background-image":"","background-repeat":"repeat","background-position":"center center","background-size":"auto","background-attachment":"scroll","background-type":"","background-media":"","overlay-type":"","overlay-color":"","overlay-opacity":"","overlay-gradient":""},"tablet":{"background-color":"","background-image":"","background-repeat":"repeat","background-position":"center center","background-size":"auto","background-attachment":"scroll","background-type":"","background-media":"","overlay-type":"","overlay-color":"","overlay-opacity":"","overlay-gradient":""},"mobile":{"background-color":"","background-image":"","background-repeat":"repeat","background-position":"center center","background-size":"auto","background-attachment":"scroll","background-type":"","background-media":"","overlay-type":"","overlay-color":"","overlay-opacity":"","overlay-gradient":""}},"ast-content-background-meta":{"desktop":{"background-color":"var(--ast-global-color-5)","background-image":"","background-repeat":"repeat","background-position":"center center","background-size":"auto","background-attachment":"scroll","background-type":"","background-media":"","overlay-type":"","overlay-color":"","overlay-opacity":"","overlay-gradient":""},"tablet":{"background-color":"var(--ast-global-color-5)","background-image":"","background-repeat":"repeat","background-position":"center center","background-size":"auto","background-attachment":"scroll","background-type":"","background-media":"","overlay-type":"","overlay-color":"","overlay-opacity":"","overlay-gradient":""},"mobile":{"background-color":"var(--ast-global-color-5)","background-image":"","background-repeat":"repeat","background-position":"center center","background-size":"auto","background-attachment":"scroll","background-type":"","background-media":"","overlay-type":"","overlay-color":"","overlay-opacity":"","overlay-gradient":""}}},"product_brand":[],"product_cat":[53],"product_tag":[],"class_list":{"0":"post-3089","1":"product","2":"type-product","3":"status-publish","4":"has-post-thumbnail","6":"product_cat-jeu-de-role","7":"desktop-align-left","8":"tablet-align-left","9":"mobile-align-left","11":"first","12":"instock","13":"shipping-taxable","14":"purchasable","15":"product-type-simple"},"_links":{"self":[{"href":"https:\/\/derniere-lune.com\/en\/wp-json\/wp\/v2\/product\/3089","targetHints":{"allow":["GET"]}}],"collection":[{"href":"https:\/\/derniere-lune.com\/en\/wp-json\/wp\/v2\/product"}],"about":[{"href":"https:\/\/derniere-lune.com\/en\/wp-json\/wp\/v2\/types\/product"}],"wp:featuredmedia":[{"embeddable":true,"href":"https:\/\/derniere-lune.com\/en\/wp-json\/wp\/v2\/media\/3090"}],"wp:attachment":[{"href":"https:\/\/derniere-lune.com\/en\/wp-json\/wp\/v2\/media?parent=3089"}],"wp:term":[{"taxonomy":"product_brand","embeddable":true,"href":"https:\/\/derniere-lune.com\/en\/wp-json\/wp\/v2\/product_brand?post=3089"},{"taxonomy":"product_cat","embeddable":true,"href":"https:\/\/derniere-lune.com\/en\/wp-json\/wp\/v2\/product_cat?post=3089"},{"taxonomy":"product_tag","embeddable":true,"href":"https:\/\/derniere-lune.com\/en\/wp-json\/wp\/v2\/product_tag?post=3089"}],"curies":[{"name":"wp","href":"https:\/\/api.w.org\/{rel}","templated":true}]}}