{"id":3122,"date":"2025-11-13T01:08:27","date_gmt":"2025-11-13T00:08:27","guid":{"rendered":"https:\/\/derniere-lune.com\/?post_type=product&#038;p=3122"},"modified":"2026-03-31T22:12:31","modified_gmt":"2026-03-31T20:12:31","slug":"map-mj","status":"publish","type":"product","link":"https:\/\/derniere-lune.com\/en\/boutique\/map-mj\/","title":{"rendered":"Map MJ"},"content":{"rendered":"<p data-start=\"0\" data-end=\"323\">Les cartes du Continent offrent aux Ma\u00eetres de Jeu un nouvel outil pour favoriser l&rsquo;immersion en partie.<\/p>\n<p data-start=\"0\" data-end=\"323\">Aux formats vari\u00e9s, les maps permettent de visualiser les fronti\u00e8res de l\u2019Unification, d\u2019explorer des villes embl\u00e9matiques ou encore d\u2019imaginer les trajets \u00e0 travers le Continent.<\/p>\n<p data-start=\"0\" data-end=\"323\">Elles sont livr\u00e9es dans un \u00e9tui en cuir fait \u00e0 la main.<\/p>\n<p data-start=\"252\" data-end=\"533\">(cuir v\u00e9g\u00e9tal sur demande)<\/p>","protected":false},"excerpt":{"rendered":"<p>Des cartes dans un superbe \u00e9tui en cuir fait \u00e0 la main, un outil suppl\u00e9mentaire pour encore plus d&rsquo;immersion !<\/p>","protected":false},"featured_media":3123,"template":"","meta":{"site-sidebar-layout":"default","site-content-layout":"","ast-site-content-layout":"default","site-content-style":"default","site-sidebar-style":"default","ast-global-header-display":"","ast-banner-title-visibility":"","ast-main-header-display":"","ast-hfb-above-header-display":"","ast-hfb-below-header-display":"","ast-hfb-mobile-header-display":"","site-post-title":"","ast-breadcrumbs-content":"","ast-featured-img":"","footer-sml-layout":"","ast-disable-related-posts":"","theme-transparent-header-meta":"default","adv-header-id-meta":"","stick-header-meta":"","header-above-stick-meta":"","header-main-stick-meta":"","header-below-stick-meta":"","astra-migrate-meta-layouts":"set","ast-page-background-enabled":"default","ast-page-background-meta":{"desktop":{"background-color":"var(--ast-global-color-4)","background-image":"","background-repeat":"repeat","background-position":"center center","background-size":"auto","background-attachment":"scroll","background-type":"","background-media":"","overlay-type":"","overlay-color":"","overlay-opacity":"","overlay-gradient":""},"tablet":{"background-color":"","background-image":"","background-repeat":"repeat","background-position":"center center","background-size":"auto","background-attachment":"scroll","background-type":"","background-media":"","overlay-type":"","overlay-color":"","overlay-opacity":"","overlay-gradient":""},"mobile":{"background-color":"","background-image":"","background-repeat":"repeat","background-position":"center center","background-size":"auto","background-attachment":"scroll","background-type":"","background-media":"","overlay-type":"","overlay-color":"","overlay-opacity":"","overlay-gradient":""}},"ast-content-background-meta":{"desktop":{"background-color":"var(--ast-global-color-5)","background-image":"","background-repeat":"repeat","background-position":"center center","background-size":"auto","background-attachment":"scroll","background-type":"","background-media":"","overlay-type":"","overlay-color":"","overlay-opacity":"","overlay-gradient":""},"tablet":{"background-color":"var(--ast-global-color-5)","background-image":"","background-repeat":"repeat","background-position":"center center","background-size":"auto","background-attachment":"scroll","background-type":"","background-media":"","overlay-type":"","overlay-color":"","overlay-opacity":"","overlay-gradient":""},"mobile":{"background-color":"var(--ast-global-color-5)","background-image":"","background-repeat":"repeat","background-position":"center center","background-size":"auto","background-attachment":"scroll","background-type":"","background-media":"","overlay-type":"","overlay-color":"","overlay-opacity":"","overlay-gradient":""}}},"product_brand":[],"product_cat":[53],"product_tag":[],"class_list":{"0":"post-3122","1":"product","2":"type-product","3":"status-publish","4":"has-post-thumbnail","6":"product_cat-jeu-de-role","7":"desktop-align-left","8":"tablet-align-left","9":"mobile-align-left","11":"first","12":"instock","13":"shipping-taxable","14":"purchasable","15":"product-type-simple"},"_links":{"self":[{"href":"https:\/\/derniere-lune.com\/en\/wp-json\/wp\/v2\/product\/3122","targetHints":{"allow":["GET"]}}],"collection":[{"href":"https:\/\/derniere-lune.com\/en\/wp-json\/wp\/v2\/product"}],"about":[{"href":"https:\/\/derniere-lune.com\/en\/wp-json\/wp\/v2\/types\/product"}],"wp:featuredmedia":[{"embeddable":true,"href":"https:\/\/derniere-lune.com\/en\/wp-json\/wp\/v2\/media\/3123"}],"wp:attachment":[{"href":"https:\/\/derniere-lune.com\/en\/wp-json\/wp\/v2\/media?parent=3122"}],"wp:term":[{"taxonomy":"product_brand","embeddable":true,"href":"https:\/\/derniere-lune.com\/en\/wp-json\/wp\/v2\/product_brand?post=3122"},{"taxonomy":"product_cat","embeddable":true,"href":"https:\/\/derniere-lune.com\/en\/wp-json\/wp\/v2\/product_cat?post=3122"},{"taxonomy":"product_tag","embeddable":true,"href":"https:\/\/derniere-lune.com\/en\/wp-json\/wp\/v2\/product_tag?post=3122"}],"curies":[{"name":"wp","href":"https:\/\/api.w.org\/{rel}","templated":true}]}}