{"id":957,"date":"2024-03-14T01:33:53","date_gmt":"2024-03-14T00:33:53","guid":{"rendered":"https:\/\/derniere-lune.com\/?post_type=product&#038;p=957"},"modified":"2024-11-30T17:21:31","modified_gmt":"2024-11-30T16:21:31","slug":"recueil-de-nouvelles-tome-i","status":"publish","type":"product","link":"https:\/\/derniere-lune.com\/en\/boutique\/recueil-de-nouvelles-tome-i\/","title":{"rendered":"Recueil de Nouvelles, Tome I"},"content":{"rendered":"<p>Dans ce premier tome, d\u00e9couvrez l\u2019Unification de toutes les races embl\u00e9matiques du fantastique face \u00e0 la b\u00eate, un indicible fl\u00e9au vou\u00e9 \u00e0 la destruction de toutes vies. Orc, elfe, humain, lycant, d\u00e9mon et bien d\u2019autres encore contraints de s\u2019allier pour survivre \u00e0 leur extinction imminente.<\/p>\n<p class=\"p1\">D\u00e9ambulez dans les villes majestueuses ou rocambolesques d\u2019un continent \u00e0 l\u2019agonie au fil des nombreuses nouvelles qui d\u00e9voilent l&rsquo;intimit\u00e9 des habitants, de leurs destins tant\u00f4t dr\u00f4les, souvent tragiques, qui vont forger l&rsquo;histoire du monde et fa\u00e7onner l&rsquo;avenir. Devenez ces t\u00e9moins privil\u00e9gi\u00e9s de la farouche survie de peuples qui refusent de plier sous le joug du mal incarn\u00e9, les confidents de leurs peurs, leurs espoirs, leurs amours et de la passion qui les anime. C&rsquo;est avec une plume \u00e0 la fois sensible et dramatique que les auteurs vous invitent \u00e0 vivre cet univers au travers de personnages charismatiques et hauts en couleur.<\/p>\n<p>&nbsp;<\/p>\n<p class=\"p1\">Page apr\u00e8s page dans les rangs de l\u2019Unification, tant\u00f4t claymore \u00e0 la main dans des batailles \u00e9piques et d\u00e9sesp\u00e9r\u00e9es, tant\u00f4t dans le secret des alc\u00f4ves, des prisons crasseuses des terres gel\u00e9es aux remparts de marbre blanc d\u2019Olonesse, plongez plus profond\u00e9ment au c\u0153ur d&rsquo;un univers riche et foisonnant. De l\u2019humour au cynisme, de la m\u00e9lancolie la plus sombre \u00e0 l\u2019h\u00e9ro\u00efsme \u00e9mouvant de simples enfants, partagez des aventures travers\u00e9es d&rsquo;une multitude d\u2019\u00e9motions, c\u00f4toyez des braves et des l\u00e2ches, vivez la chute de la civilisation ondine, tremblez dans les rangs Seekher face \u00e0 la mort rampante et percez les inavouables secrets qui entourent le pass\u00e9 des 7 sur plus de 200 pages magnifiquement illustr\u00e9es.<\/p>\n<p>&nbsp;<\/p>\n<p class=\"p1\">Pr\u00e9parez votre paquetage, le voyage promet d&rsquo;\u00eatre \u00e9prouvant et tumultueux et \u00e0 n&rsquo;en pas douter votre vision de la Dark Fantasy va s&rsquo;en trouver bouscul\u00e9e.<br \/>\n\u00cates vous pr\u00eat \u00e0 survivre \u00e0 l\u2019indicible ?<\/p>","protected":false},"excerpt":{"rendered":"<p>Format : 216x280mm<\/p>\n<p>Couverture rigide effet lin<\/p>\n<p>Livre en couleur<\/p>\n<p>Pour public averti<\/p>","protected":false},"featured_media":2222,"template":"","meta":{"site-sidebar-layout":"default","site-content-layout":"","ast-site-content-layout":"normal-width-container","site-content-style":"boxed","site-sidebar-style":"default","ast-global-header-display":"","ast-banner-title-visibility":"","ast-main-header-display":"","ast-hfb-above-header-display":"","ast-hfb-below-header-display":"","ast-hfb-mobile-header-display":"","site-post-title":"","ast-breadcrumbs-content":"disabled","ast-featured-img":"","footer-sml-layout":"","ast-disable-related-posts":"","theme-transparent-header-meta":"default","adv-header-id-meta":"","stick-header-meta":"","header-above-stick-meta":"","header-main-stick-meta":"","header-below-stick-meta":"","astra-migrate-meta-layouts":"set","ast-page-background-enabled":"default","ast-page-background-meta":{"desktop":{"background-color":"var(--ast-global-color-4)","background-image":"","background-repeat":"repeat","background-position":"center center","background-size":"auto","background-attachment":"scroll","background-type":"","background-media":"","overlay-type":"","overlay-color":"","overlay-opacity":"","overlay-gradient":""},"tablet":{"background-color":"","background-image":"","background-repeat":"repeat","background-position":"center center","background-size":"auto","background-attachment":"scroll","background-type":"","background-media":"","overlay-type":"","overlay-color":"","overlay-opacity":"","overlay-gradient":""},"mobile":{"background-color":"","background-image":"","background-repeat":"repeat","background-position":"center center","background-size":"auto","background-attachment":"scroll","background-type":"","background-media":"","overlay-type":"","overlay-color":"","overlay-opacity":"","overlay-gradient":""}},"ast-content-background-meta":{"desktop":{"background-color":"var(--ast-global-color-5)","background-image":"","background-repeat":"repeat","background-position":"center center","background-size":"auto","background-attachment":"scroll","background-type":"","background-media":"","overlay-type":"","overlay-color":"","overlay-opacity":"","overlay-gradient":""},"tablet":{"background-color":"var(--ast-global-color-5)","background-image":"","background-repeat":"repeat","background-position":"center center","background-size":"auto","background-attachment":"scroll","background-type":"","background-media":"","overlay-type":"","overlay-color":"","overlay-opacity":"","overlay-gradient":""},"mobile":{"background-color":"var(--ast-global-color-5)","background-image":"","background-repeat":"repeat","background-position":"center center","background-size":"auto","background-attachment":"scroll","background-type":"","background-media":"","overlay-type":"","overlay-color":"","overlay-opacity":"","overlay-gradient":""}}},"product_brand":[],"product_cat":[25],"product_tag":[],"class_list":{"0":"post-957","1":"product","2":"type-product","3":"status-publish","4":"has-post-thumbnail","6":"product_cat-livre","7":"desktop-align-left","8":"tablet-align-left","9":"mobile-align-left","11":"first","12":"instock","13":"shipping-taxable","14":"purchasable","15":"product-type-simple"},"_links":{"self":[{"href":"https:\/\/derniere-lune.com\/en\/wp-json\/wp\/v2\/product\/957","targetHints":{"allow":["GET"]}}],"collection":[{"href":"https:\/\/derniere-lune.com\/en\/wp-json\/wp\/v2\/product"}],"about":[{"href":"https:\/\/derniere-lune.com\/en\/wp-json\/wp\/v2\/types\/product"}],"wp:featuredmedia":[{"embeddable":true,"href":"https:\/\/derniere-lune.com\/en\/wp-json\/wp\/v2\/media\/2222"}],"wp:attachment":[{"href":"https:\/\/derniere-lune.com\/en\/wp-json\/wp\/v2\/media?parent=957"}],"wp:term":[{"taxonomy":"product_brand","embeddable":true,"href":"https:\/\/derniere-lune.com\/en\/wp-json\/wp\/v2\/product_brand?post=957"},{"taxonomy":"product_cat","embeddable":true,"href":"https:\/\/derniere-lune.com\/en\/wp-json\/wp\/v2\/product_cat?post=957"},{"taxonomy":"product_tag","embeddable":true,"href":"https:\/\/derniere-lune.com\/en\/wp-json\/wp\/v2\/product_tag?post=957"}],"curies":[{"name":"wp","href":"https:\/\/api.w.org\/{rel}","templated":true}]}}